{"id":2136,"date":"2022-01-18T08:48:02","date_gmt":"2022-01-18T07:48:02","guid":{"rendered":"https:\/\/tecfor-care.com\/?page_id=2136"},"modified":"2025-01-09T22:16:42","modified_gmt":"2025-01-09T21:16:42","slug":"imprint","status":"publish","type":"page","link":"https:\/\/tfc-staging.nocap.studio\/en\/imprint\/","title":{"rendered":"Imprint"},"content":{"rendered":"<h1>Site Notice<\/h1>\n<h2>Information pursuant to Sect. 5 German Telemedia Act (TMG)<\/h2>\n<p>tecfor care GmbH<br \/>\nFraunhoferstra\u00dfe 8<br \/>\n51647 Gummersbach<\/p>\n<p>Commercial Register: HRB 59353, K\u00f6ln<br \/>\nRegistration court: Amtsgericht K\u00f6ln<\/p>\n<p><strong>Represented by:<\/strong><br \/>\nKlaus Bellingroth<br \/>\nRobin Knabe<\/p>\n<h2>Contact<\/h2>\n<p>Phone: <a href=\"tel:+492261501860\">+49 (0) 2261 \/ 50 186 &#8211; 0<\/a><br \/>\nTelefax: +49 (0) 2261 50 186 &#8211; 20<br \/>\nE-mail: <a href=\"mailto:info@tecfor-care.com\">info@tecfor-care.com<\/a><\/p>\n<h2>VAT ID<\/h2>\n<p>Sales tax identification number according to Sect. 27 a of the Sales Tax Law:<br \/>\nDE251372890<\/p>\n<h2>Person responsible for editorial<\/h2>\n<p>Robin Knabe<br \/>\nFraunhoferstra\u00dfe 8<br \/>\n51647 Gummersbach<\/p>\n<h2>EU dispute resolution<\/h2>\n<p>The European Commission provides a platform for online dispute resolution (ODR): <a href=\"https:\/\/ec.europa.eu\/consumers\/odr\/\" target=\"_blank\" rel=\"noopener noreferrer\">https:\/\/ec.europa.eu\/consumers\/odr\/<\/a>.<br \/>\nOur e-mail address can be found above in the site notice.<\/p>\n<h2>Dispute resolution proceedings in front of a consumer arbitration board<\/h2>\n<p>We are not willing or obliged to participate in dispute resolution proceedings in front of a consumer arbitration board.<\/p>\n","protected":false},"excerpt":{"rendered":"<p>Site Notice Information pursuant to Sect. 5 German Telemedia Act (TMG) tecfor care GmbH Fraunhoferstra\u00dfe 8 51647 Gummersbach Commercial Register: HRB 59353, K\u00f6ln Registration court: Amtsgericht K\u00f6ln Represented by: Klaus Bellingroth Robin Knabe Contact Phone: +49 (0) 2261 \/ 50 186 &#8211; 0 Telefax: +49 (0) 2261 50 186 &#8211; 20 E-mail: info@tecfor-care.com VAT ID [&hellip;]<\/p>\n","protected":false},"author":1,"featured_media":0,"parent":0,"menu_order":0,"comment_status":"closed","ping_status":"closed","template":"page-rights.php","meta":{"_acf_changed":false,"footnotes":""},"class_list":["post-2136","page","type-page","status-publish","hentry"],"acf":[],"_links":{"self":[{"href":"https:\/\/tfc-staging.nocap.studio\/en\/wp-json\/wp\/v2\/pages\/2136","targetHints":{"allow":["GET"]}}],"collection":[{"href":"https:\/\/tfc-staging.nocap.studio\/en\/wp-json\/wp\/v2\/pages"}],"about":[{"href":"https:\/\/tfc-staging.nocap.studio\/en\/wp-json\/wp\/v2\/types\/page"}],"author":[{"embeddable":true,"href":"https:\/\/tfc-staging.nocap.studio\/en\/wp-json\/wp\/v2\/users\/1"}],"replies":[{"embeddable":true,"href":"https:\/\/tfc-staging.nocap.studio\/en\/wp-json\/wp\/v2\/comments?post=2136"}],"version-history":[{"count":0,"href":"https:\/\/tfc-staging.nocap.studio\/en\/wp-json\/wp\/v2\/pages\/2136\/revisions"}],"wp:attachment":[{"href":"https:\/\/tfc-staging.nocap.studio\/en\/wp-json\/wp\/v2\/media?parent=2136"}],"curies":[{"name":"wp","href":"https:\/\/api.w.org\/{rel}","templated":true}]}}