{"id":1977,"date":"2022-01-18T09:45:00","date_gmt":"2022-01-18T08:45:00","guid":{"rendered":"https:\/\/tecfor-care.com\/?page_id=1977"},"modified":"2026-04-08T12:39:31","modified_gmt":"2026-04-08T10:39:31","slug":"home-care","status":"publish","type":"page","link":"https:\/\/tfc-staging.nocap.studio\/en\/home-care\/","title":{"rendered":"Home care"},"content":{"rendered":"\t\t<div data-elementor-type=\"wp-page\" data-elementor-id=\"1977\" class=\"elementor elementor-1977 elementor-19\" data-elementor-post-type=\"page\">\n\t\t\t\t<div class=\"elementor-element elementor-element-e9eb6b3 e-con-full with-shadow e-flex e-con e-parent\" data-id=\"e9eb6b3\" data-element_type=\"container\" data-e-type=\"container\" data-settings=\"{&quot;background_background&quot;:&quot;classic&quot;}\">\n\t\t\t\t<\/div>\n\t\t<div class=\"elementor-element elementor-element-ce9e518 e-flex e-con-boxed e-con e-parent\" data-id=\"ce9e518\" data-element_type=\"container\" data-e-type=\"container\">\n\t\t\t\t\t<div class=\"e-con-inner\">\n\t\t<div class=\"elementor-element elementor-element-f59d4d4 e-con-full e-flex e-con e-child\" data-id=\"f59d4d4\" data-element_type=\"container\" data-e-type=\"container\">\n\t\t\t\t<div class=\"elementor-element elementor-element-0ea3aa6 elementor-widget elementor-widget-heading\" data-id=\"0ea3aa6\" data-element_type=\"widget\" data-e-type=\"widget\" data-widget_type=\"heading.default\">\n\t\t\t\t<div class=\"elementor-widget-container\">\n\t\t\t\t\t<h1 class=\"elementor-heading-title elementor-size-default\">Home care<\/h1>\t\t\t\t<\/div>\n\t\t\t\t<\/div>\n\t\t\t\t<div class=\"elementor-element elementor-element-c185727 maximizer mcenter elementor-widget elementor-widget-text-editor\" data-id=\"c185727\" data-element_type=\"widget\" data-e-type=\"widget\" data-widget_type=\"text-editor.default\">\n\t\t\t\t<div class=\"elementor-widget-container\">\n\t\t\t\t\t\t\t\t\t<p>tecfor care is your expert for care beds and care furniture for at-home care. Since more than 2 decades, we ensure through our <a href=\"https:\/\/tfc-staging.nocap.studio\/en\/home-care\/\">care beds<\/a> that care recipients do not have to do without one thing: quality of life. With our innovative care beds we want to encourage independence and mobility to enable people to lead a relatively independent but still safe life in older age. Our <a href=\"https:\/\/tfc-staging.nocap.studio\/en\/nursing-furniture\/\">care furniture<\/a> is technologically up to date, durable and visually appealing to ensure that the comfort factor does not come off badly. Through our large stock we deliver our products swiftly within Germany.\u00a0<\/p>\t\t\t\t\t\t\t\t<\/div>\n\t\t\t\t<\/div>\n\t\t\t\t<\/div>\n\t\t\t\t\t<\/div>\n\t\t\t\t<\/div>\n\t\t\t\t<section class=\"elementor-section elementor-top-section elementor-element elementor-element-7e36b9c3 elementor-section-boxed elementor-section-height-default elementor-section-height-default\" data-id=\"7e36b9c3\" data-element_type=\"section\" data-e-type=\"section\" id=\"pflegebetten\">\n\t\t\t\t\t\t<div class=\"elementor-container elementor-column-gap-default\">\n\t\t\t\t\t<div class=\"elementor-column elementor-col-100 elementor-top-column elementor-element elementor-element-2bfd52eb\" data-id=\"2bfd52eb\" data-element_type=\"column\" data-e-type=\"column\">\n\t\t\t<div class=\"elementor-widget-wrap elementor-element-populated\">\n\t\t\t\t\t\t<div class=\"elementor-element elementor-element-630fad0 elementor-widget elementor-widget-customheadline\" data-id=\"630fad0\" data-element_type=\"widget\" data-e-type=\"widget\" data-widget_type=\"customheadline.default\">\n\t\t\t\t<div class=\"elementor-widget-container\">\n\t\t\t\t\t      <div class=\"custom-headline-holder\">\n        <fieldset class=\"custom-headline\" style=\"border-color: #959595\">\n          <legend>\n            <h2 style=\"color: #2A2A2A\">Care beds<\/h2>\n          <\/legend>\n        <\/fieldset>\n      <\/div>\n    \t\t\t\t<\/div>\n\t\t\t\t<\/div>\n\t\t\t\t<div class=\"elementor-element elementor-element-2bdae3d maximizer mcenter elementor-widget elementor-widget-text-editor\" data-id=\"2bdae3d\" data-element_type=\"widget\" data-e-type=\"widget\" data-widget_type=\"text-editor.default\">\n\t\t\t\t<div class=\"elementor-widget-container\">\n\t\t\t\t\t\t\t\t\t<p>For care recipients, the <a href=\"https:\/\/tfc-staging.nocap.studio\/en\/home-care\/\">care bed<\/a> becomes the daily companion, making it particularly important that the bed provides sufficient comfort and safety.\u00a0<\/p><p>\u00a0<\/p><p>We focus on giving people a feeling of security, encouraging mobility and\u00a0 relieving caregivers and nurses. For this reason we attach immense importance to security, functionality, an elegant design and an outstanding price\/performance ratio of our beds and care furniture.<\/p>\t\t\t\t\t\t\t\t<\/div>\n\t\t\t\t<\/div>\n\t\t\t\t<div class=\"elementor-element elementor-element-bfe8b9e elementor-widget elementor-widget-shortcode\" data-id=\"bfe8b9e\" data-element_type=\"widget\" data-e-type=\"widget\" data-widget_type=\"shortcode.default\">\n\t\t\t\t<div class=\"elementor-widget-container\">\n\t\t\t\t\t\t\t<div class=\"elementor-shortcode\">\n\n<div class=\"tfc-beds\">\n\n      <div class=\"tfc-bed\">\n      <a href=\"https:\/\/tfc-staging.nocap.studio\/en\/products\/ecofit-xtra\/\" class=\"tfc-bed-image\" style=\"background-image: url('https:\/\/tfc-staging.nocap.studio\/wp-content\/uploads\/2022\/04\/EcofitXtra-perspektiv.webp');\"><\/a>\n      \n      <div class=\"tfc-bed-infos\">\n        <h2 class=\"tfc-bed-infos-title\">Ecofit Xtra<\/h2>\n        <div class=\"tfc-ned-infos-description\">\n          <p><strong>The heavy-duty bed for home care<\/strong><\/p>\n<p>&nbsp;<\/p>\n<p>The ECOFIT XTRA is a well thought out heavy-duty bed for home care. It has been specially designed for obese people, can support a maximum patient weight of 300\u00a0kg and is incredibly stable.<\/p>\n        <\/div>\n\n        <a href=\"https:\/\/tfc-staging.nocap.studio\/en\/products\/ecofit-xtra\/\" class=\"custom-button\">More details<\/a>\n      <\/div>\n    <\/div>\n      <div class=\"tfc-bed\">\n      <a href=\"https:\/\/tfc-staging.nocap.studio\/en\/products\/ecofit-xtra-2\/\" class=\"tfc-bed-image\" style=\"background-image: url('https:\/\/tfc-staging.nocap.studio\/wp-content\/uploads\/2022\/04\/EcofitXtra-perspektiv.webp');\"><\/a>\n      \n      <div class=\"tfc-bed-infos\">\n        <h2 class=\"tfc-bed-infos-title\">Ecofit Xtra<\/h2>\n        <div class=\"tfc-ned-infos-description\">\n          <p><strong>Das Schwerlastbett f\u00fcr Zuhause<\/strong><\/p>\n<p>Das ECOFIT XTRA ist ein durchdachtes Schwerlastbett f\u00fcr die h\u00e4usliche Pflege. Es ist speziell f\u00fcr adip\u00f6se Menschen bis 350 kg Patientengewicht ausgelegt und zeichnet sich durch seine besonders hohe Stabilit\u00e4t aus.<\/p>\n<p>&nbsp;<\/p>\n<p><span style=\"font-weight: 400;\">Es vereint alle wesentlichen Anspr\u00fcche an Betten f\u00fcr \u00dcbergewichtige. Die stabile Konstruktion gew\u00e4hrleistet maximale Funktionalit\u00e4t und Belastbarkeit bei gleichzeitig hohem Komfort. Damit erh\u00e4lt das Bett f\u00fcr den Bewohner einen angenehmen Wohlf\u00fchlcharakter.\u00a0<\/span><\/p>\n<p>&nbsp;<\/p>\n<p><span style=\"font-weight: 400;\">Zus\u00e4tzlich entlastet es die Arbeit der Pflegekr\u00e4fte und der pflegenden Angeh\u00f6rigen. Das Schwerlastbett erleichtert die Mobilisierung der pflegebed\u00fcrftigen Person. Dies erlaubt ein gelenkschonendes Umlagern aus einer angenehmen Arbeitsh\u00f6he heraus.\u00a0<\/span><\/p>\n<p>&nbsp;<\/p>\n<p><span style=\"font-weight: 400;\">Dar\u00fcber hinaus kann es mit weiterem Pflegebettzubeh\u00f6r ausgestattet werden. Infolgedessen wird das ECOFIT XTRA zu einem individuellen R\u00fcckzugsort, der genau auf die Bed\u00fcrfnisse des Bewohners zugeschnitten ist. Es verf\u00fcgt \u00fcber ein ansprechendes Design, bietet erholsamen Schlaf und h\u00e4lt hohen Belastungen stand. <\/span><\/p>\n        <\/div>\n\n        <a href=\"https:\/\/tfc-staging.nocap.studio\/en\/products\/ecofit-xtra-2\/\" class=\"custom-button\">More details<\/a>\n      <\/div>\n    <\/div>\n      <div class=\"tfc-bed\">\n      <a href=\"https:\/\/tfc-staging.nocap.studio\/en\/products\/ecofit-plus-plus-low\/\" class=\"tfc-bed-image\" style=\"background-image: url('https:\/\/tfc-staging.nocap.studio\/wp-content\/uploads\/2022\/04\/ecofit-plus-low-perspektive-1.jpg');\"><\/a>\n      \n      <div class=\"tfc-bed-infos\">\n        <h2 class=\"tfc-bed-infos-title\">Ecofit Plus \/ Plus low<\/h2>\n        <div class=\"tfc-ned-infos-description\">\n          <p><strong>A care bed with character<\/strong><\/p>\n<p>&nbsp;<\/p>\n<p>The ECOFIT PLUS has solid wood panelling and a homely appearance. This care bed also comes in a LOW version for fall prevention.<\/p>\n        <\/div>\n\n        <a href=\"https:\/\/tfc-staging.nocap.studio\/en\/products\/ecofit-plus-plus-low\/\" class=\"custom-button\">More details<\/a>\n      <\/div>\n    <\/div>\n      <div class=\"tfc-bed\">\n      <a href=\"https:\/\/tfc-staging.nocap.studio\/en\/products\/eco-bib\/\" class=\"tfc-bed-image\" style=\"background-image: url('https:\/\/tfc-staging.nocap.studio\/wp-content\/uploads\/2022\/04\/ecobib-titel.webp');\"><\/a>\n      \n      <div class=\"tfc-bed-infos\">\n        <h2 class=\"tfc-bed-infos-title\">Eco-BiB<\/h2>\n        <div class=\"tfc-ned-infos-description\">\n          <p><strong>The BiB system<\/strong><\/p>\n<p>&nbsp;<\/p>\n<p>The BiB (Bed-in-Bed) system is ideal for anyone that wants the comfort and functionality of a care bed while using their own regular bed.<\/p>\n        <\/div>\n\n        <a href=\"https:\/\/tfc-staging.nocap.studio\/en\/products\/eco-bib\/\" class=\"custom-button\">More details<\/a>\n      <\/div>\n    <\/div>\n      <div class=\"tfc-bed\">\n      <a href=\"https:\/\/tfc-staging.nocap.studio\/en\/products\/ecofit-s\/\" class=\"tfc-bed-image\" style=\"background-image: url('https:\/\/tfc-staging.nocap.studio\/wp-content\/uploads\/2022\/04\/ecofitS-low-titelblid.jpg');\"><\/a>\n      \n      <div class=\"tfc-bed-infos\">\n        <h2 class=\"tfc-bed-infos-title\">Ecofit S<\/h2>\n        <div class=\"tfc-ned-infos-description\">\n          <p><strong>Functional and durable<\/strong><\/p>\n<p>&nbsp;<\/p>\n<p>The ECOFIT S care bed has been specially developed for home care and is incredibly functional and durable. The price-performance ratio is ideal for the main use of this model of bed.<\/p>\n        <\/div>\n\n        <a href=\"https:\/\/tfc-staging.nocap.studio\/en\/products\/ecofit-s\/\" class=\"custom-button\">More details<\/a>\n      <\/div>\n    <\/div>\n  \n<\/div>\n<\/div>\n\t\t\t\t\t\t<\/div>\n\t\t\t\t<\/div>\n\t\t\t\t\t<\/div>\n\t\t<\/div>\n\t\t\t\t\t<\/div>\n\t\t<\/section>\n\t\t\t\t<section class=\"elementor-section elementor-top-section elementor-element elementor-element-670326c elementor-section-boxed elementor-section-height-default elementor-section-height-default\" data-id=\"670326c\" data-element_type=\"section\" data-e-type=\"section\" id=\"spezialbetten\">\n\t\t\t\t\t\t<div class=\"elementor-container elementor-column-gap-default\">\n\t\t\t\t\t<div class=\"elementor-column elementor-col-100 elementor-top-column elementor-element elementor-element-24c868c\" data-id=\"24c868c\" data-element_type=\"column\" data-e-type=\"column\">\n\t\t\t<div class=\"elementor-widget-wrap elementor-element-populated\">\n\t\t\t\t\t\t<div class=\"elementor-element elementor-element-76072bd elementor-widget elementor-widget-customheadline\" data-id=\"76072bd\" data-element_type=\"widget\" data-e-type=\"widget\" data-widget_type=\"customheadline.default\">\n\t\t\t\t<div class=\"elementor-widget-container\">\n\t\t\t\t\t      <div class=\"custom-headline-holder\">\n        <fieldset class=\"custom-headline\" style=\"border-color: #959595\">\n          <legend>\n            <h2 style=\"color: #2A2A2A\">Special beds<\/h2>\n          <\/legend>\n        <\/fieldset>\n      <\/div>\n    \t\t\t\t<\/div>\n\t\t\t\t<\/div>\n\t\t\t\t<div class=\"elementor-element elementor-element-8b1a940 maximizer mcenter elementor-widget elementor-widget-text-editor\" data-id=\"8b1a940\" data-element_type=\"widget\" data-e-type=\"widget\" data-widget_type=\"text-editor.default\">\n\t\t\t\t<div class=\"elementor-widget-container\">\n\t\t\t\t\t\t\t\t\t<p>Everyone is different, which is why people in need of care also have very different needs. These determine the requirements for our <a href=\"https:\/\/tfc-staging.nocap.studio\/en\/?page_id=4713\">special beds<\/a>. Thanks to continuous product developments, our solutions are diverse and functional. Our heavy-load bed Ecofit Xtra offers tall and heftier people enough space for a relaxing sleep and a day-to-day life worth living. We also offer the low bed <a href=\"https:\/\/tfc-staging.nocap.studio\/en\/products\/fondo\/\">Fondo ULB<\/a> for people with mobilisation restrictions, or the mobilisation bed <a href=\"https:\/\/tfc-staging.nocap.studio\/en\/products\/pro-motion\/\">ProMotion<\/a>.<\/p>\t\t\t\t\t\t\t\t<\/div>\n\t\t\t\t<\/div>\n\t\t\t\t<div class=\"elementor-element elementor-element-fed50c7 elementor-widget elementor-widget-shortcode\" data-id=\"fed50c7\" data-element_type=\"widget\" data-e-type=\"widget\" data-widget_type=\"shortcode.default\">\n\t\t\t\t<div class=\"elementor-widget-container\">\n\t\t\t\t\t\t\t<div class=\"elementor-shortcode\">\n\n<div class=\"tfc-beds\">\n\n      <div class=\"tfc-bed\">\n      <a href=\"https:\/\/tfc-staging.nocap.studio\/en\/products\/freestyle-plus\/\" class=\"tfc-bed-image\" style=\"background-image: url('https:\/\/tfc-staging.nocap.studio\/wp-content\/uploads\/2022\/04\/freestyle-plus-titelbild.jpg');\"><\/a>\n      \n      <div class=\"tfc-bed-infos\">\n        <h2 class=\"tfc-bed-infos-title\">Freestyle Plus<\/h2>\n        <div class=\"tfc-ned-infos-description\">\n          <p><strong>Comfort and functionality<\/strong><\/p>\n<p>&nbsp;<\/p>\n<p>The comfortable and electrically adjustable FREESTYLE PLUS slatted frame consists of 42 wooden spring slats and has an overall height of 9 cm. This bed combines maximum sleeping comfort with all the essential functions of a care bed. The FREESTYLE PLUS can be used with all bed frames.<\/p>\n        <\/div>\n\n        <a href=\"https:\/\/tfc-staging.nocap.studio\/en\/products\/freestyle-plus\/\" class=\"custom-button\">More details<\/a>\n      <\/div>\n    <\/div>\n      <div class=\"tfc-bed\">\n      <a href=\"https:\/\/tfc-staging.nocap.studio\/en\/products\/fondo\/\" class=\"tfc-bed-image\" style=\"background-image: url('https:\/\/tfc-staging.nocap.studio\/wp-content\/uploads\/2022\/04\/fondo-titel.webp');\"><\/a>\n      \n      <div class=\"tfc-bed-infos\">\n        <h2 class=\"tfc-bed-infos-title\">ULB Fondo<\/h2>\n        <div class=\"tfc-ned-infos-description\">\n          <p><strong>The lowest bed<\/strong><\/p>\n<p>&nbsp;<\/p>\n<p>Our lowest bed is particularly popular because the bed frame can be lowered to floor level. This helps to prevent falls and is therefore particularly suitable for people living at home and in care homes that are at risk of falling.<\/p>\n        <\/div>\n\n        <a href=\"https:\/\/tfc-staging.nocap.studio\/en\/products\/fondo\/\" class=\"custom-button\">More details<\/a>\n      <\/div>\n    <\/div>\n      <div class=\"tfc-bed\">\n      <a href=\"https:\/\/tfc-staging.nocap.studio\/en\/products\/freestyle\/\" class=\"tfc-bed-image\" style=\"background-image: url('https:\/\/tfc-staging.nocap.studio\/wp-content\/uploads\/2022\/04\/freestyle-titelbild.jpg');\"><\/a>\n      \n      <div class=\"tfc-bed-infos\">\n        <h2 class=\"tfc-bed-infos-title\">Freestyle<\/h2>\n        <div class=\"tfc-ned-infos-description\">\n          <p><strong>Comfort and function<\/strong><\/p>\n<p>&nbsp;<\/p>\n<p>The comfortable and electrically adjustable FREESTYLE slatted frame consists of 42 wooden spring slats and has an overall height of 9 cm. Also available as <a href=\"https:\/\/tfc-staging.nocap.studio\/en\/products\/freestyle-plus\/\">FREESTYLE PLUS<\/a>, which has an additional height function. This bed combines maximum sleeping comfort with all the essential functions of a care bed. The FREESTYLE can be used with all bed frames.<\/p>\n        <\/div>\n\n        <a href=\"https:\/\/tfc-staging.nocap.studio\/en\/products\/freestyle\/\" class=\"custom-button\">More details<\/a>\n      <\/div>\n    <\/div>\n  \n<\/div>\n<\/div>\n\t\t\t\t\t\t<\/div>\n\t\t\t\t<\/div>\n\t\t\t\t\t<\/div>\n\t\t<\/div>\n\t\t\t\t\t<\/div>\n\t\t<\/section>\n\t\t\t\t<section class=\"elementor-section elementor-top-section elementor-element elementor-element-133ff789 elementor-section-boxed elementor-section-height-default elementor-section-height-default\" data-id=\"133ff789\" data-element_type=\"section\" data-e-type=\"section\" data-settings=\"{&quot;background_background&quot;:&quot;classic&quot;}\">\n\t\t\t\t\t\t<div class=\"elementor-container elementor-column-gap-default\">\n\t\t\t\t\t<div class=\"elementor-column elementor-col-50 elementor-top-column elementor-element elementor-element-45f8fda6\" data-id=\"45f8fda6\" data-element_type=\"column\" data-e-type=\"column\">\n\t\t\t<div class=\"elementor-widget-wrap elementor-element-populated\">\n\t\t\t\t\t\t<div class=\"elementor-element elementor-element-27a1d9e0 elementor-widget elementor-widget-heading\" data-id=\"27a1d9e0\" data-element_type=\"widget\" data-e-type=\"widget\" data-widget_type=\"heading.default\">\n\t\t\t\t<div class=\"elementor-widget-container\">\n\t\t\t\t\t<h3 class=\"elementor-heading-title elementor-size-default\">Accessories<\/h3>\t\t\t\t<\/div>\n\t\t\t\t<\/div>\n\t\t\t\t<div class=\"elementor-element elementor-element-7e52927f maximizer elementor-widget elementor-widget-text-editor\" data-id=\"7e52927f\" data-element_type=\"widget\" data-e-type=\"widget\" data-widget_type=\"text-editor.default\">\n\t\t\t\t<div class=\"elementor-widget-container\">\n\t\t\t\t\t\t\t\t\t<p>Of course you&#8217;ll find matching <a href=\"https:\/\/tfc-staging.nocap.studio\/en\/accessories\/\">accessories<\/a> for your <a href=\"https:\/\/tfc-staging.nocap.studio\/en\/home-care\/\">care bed<\/a> in <a href=\"https:\/\/tfc-staging.nocap.studio\/en\/home-care\/\">at-home care<\/a> with us. In case of a large purchase quantity, individual changes of the beds are also possible!<\/p>\t\t\t\t\t\t\t\t<\/div>\n\t\t\t\t<\/div>\n\t\t\t\t<div class=\"elementor-element elementor-element-5563af6f elementor-widget elementor-widget-custombutton\" data-id=\"5563af6f\" data-element_type=\"widget\" data-e-type=\"widget\" data-widget_type=\"custombutton.default\">\n\t\t\t\t<div class=\"elementor-widget-container\">\n\t\t\t\t\t      <div class='custom-button-holder align_left'>\n                  <a href=\"https:\/\/tfc-staging.nocap.studio\/en\/accessories\/\" class=' custom-button'>\n            To accessories          <\/a>\n                \n              <\/div>\n    \t\t\t\t<\/div>\n\t\t\t\t<\/div>\n\t\t\t\t\t<\/div>\n\t\t<\/div>\n\t\t\t\t<div class=\"elementor-column elementor-col-50 elementor-top-column elementor-element elementor-element-76a6e1a3\" data-id=\"76a6e1a3\" data-element_type=\"column\" data-e-type=\"column\">\n\t\t\t<div class=\"elementor-widget-wrap elementor-element-populated\">\n\t\t\t\t\t\t<div class=\"elementor-element elementor-element-44e9cb2 elementor-widget elementor-widget-image\" data-id=\"44e9cb2\" data-element_type=\"widget\" data-e-type=\"widget\" data-widget_type=\"image.default\">\n\t\t\t\t<div class=\"elementor-widget-container\">\n\t\t\t\t\t\t\t\t\t\t\t\t\t\t\t<img fetchpriority=\"high\" decoding=\"async\" width=\"2560\" height=\"1708\" src=\"https:\/\/tfc-staging.nocap.studio\/wp-content\/uploads\/2026\/04\/Ecofit-S_Anthrazit_unten_SeitengitterStahlgitterHolz-mitte-unten-scaled-e1775555106350.png\" class=\"attachment-full size-full wp-image-11624\" alt=\"\" \/>\t\t\t\t\t\t\t\t\t\t\t\t\t\t\t<\/div>\n\t\t\t\t<\/div>\n\t\t\t\t\t<\/div>\n\t\t<\/div>\n\t\t\t\t\t<\/div>\n\t\t<\/section>\n\t\t\t\t<section class=\"elementor-section elementor-top-section elementor-element elementor-element-3c668785 elementor-section-boxed elementor-section-height-default elementor-section-height-default\" data-id=\"3c668785\" data-element_type=\"section\" data-e-type=\"section\">\n\t\t\t\t\t\t<div class=\"elementor-container elementor-column-gap-default\">\n\t\t\t\t\t<div class=\"elementor-column elementor-col-100 elementor-top-column elementor-element elementor-element-2d9867e5\" data-id=\"2d9867e5\" data-element_type=\"column\" data-e-type=\"column\">\n\t\t\t<div class=\"elementor-widget-wrap elementor-element-populated\">\n\t\t\t\t\t\t<div class=\"elementor-element elementor-element-369e23c elementor-widget elementor-widget-customheadline\" data-id=\"369e23c\" data-element_type=\"widget\" data-e-type=\"widget\" data-widget_type=\"customheadline.default\">\n\t\t\t\t<div class=\"elementor-widget-container\">\n\t\t\t\t\t      <div class=\"custom-headline-holder\">\n        <fieldset class=\"custom-headline\" style=\"border-color: #959595\">\n          <legend>\n            <h2 style=\"color: #2A2A2A\">Any questions?<\/h2>\n          <\/legend>\n        <\/fieldset>\n      <\/div>\n    \t\t\t\t<\/div>\n\t\t\t\t<\/div>\n\t\t\t\t<div class=\"elementor-element elementor-element-1a6ac46 elementor-widget elementor-widget-shortcode\" data-id=\"1a6ac46\" data-element_type=\"widget\" data-e-type=\"widget\" data-widget_type=\"shortcode.default\">\n\t\t\t\t<div class=\"elementor-widget-container\">\n\t\t\t\t\t\t\t<div class=\"elementor-shortcode\">\n<div>\n  <div class=\"tfc-product-contact-person\">\n    <div class=\"tfc-product-contact-person-image\" style=\"background-image: url('https:\/\/tfc-staging.nocap.studio\/wp-content\/uploads\/2022\/04\/placeholder.png');\"><\/div>\n    <div class=\"tfc-product-contact-person-info\">\n      <p style=\"opacity: .75;\" aria-hidden=\"true\">Your contact person<\/p>\n      <h3 class=\"tfc-product-contact-person-info-name\">Distribution<\/h3>\n      <div class=\"tfc-contact-links\">\n                  <a href=\"tel:+492261501860\" class=\"tfc-contact-link phone\">+49 2261 \/ 501 86 - 0<\/a>\n        \n        <a href=\"mailto:info@tecfor-care.com\" class=\"tfc-contact-link mail\">info@tecfor-care.com<\/a>\n      <\/div>\n\n              <div>\n          Available by phone: <br>\n          Mo. \u2013 Fr.: 08:00 a.m. \u2013 15:30 p.m. (GMT +1)        <\/div>\n          <\/div>\n  <\/div>\n<\/div>\n<\/div>\n\t\t\t\t\t\t<\/div>\n\t\t\t\t<\/div>\n\t\t\t\t\t<\/div>\n\t\t<\/div>\n\t\t\t\t\t<\/div>\n\t\t<\/section>\n\t\t\t\t<\/div>\n\t\t","protected":false},"excerpt":{"rendered":"<p>Home care tecfor care is your expert for care beds and care furniture for at-home care. Since more than 2 decades, we ensure through our care beds that care recipients do not have to do without one thing: quality of life. With our innovative care beds we want to encourage independence and mobility to enable [&hellip;]<\/p>\n","protected":false},"author":1,"featured_media":0,"parent":0,"menu_order":0,"comment_status":"closed","ping_status":"closed","template":"","meta":{"_acf_changed":false,"footnotes":""},"class_list":["post-1977","page","type-page","status-publish","hentry"],"acf":[],"_links":{"self":[{"href":"https:\/\/tfc-staging.nocap.studio\/en\/wp-json\/wp\/v2\/pages\/1977","targetHints":{"allow":["GET"]}}],"collection":[{"href":"https:\/\/tfc-staging.nocap.studio\/en\/wp-json\/wp\/v2\/pages"}],"about":[{"href":"https:\/\/tfc-staging.nocap.studio\/en\/wp-json\/wp\/v2\/types\/page"}],"author":[{"embeddable":true,"href":"https:\/\/tfc-staging.nocap.studio\/en\/wp-json\/wp\/v2\/users\/1"}],"replies":[{"embeddable":true,"href":"https:\/\/tfc-staging.nocap.studio\/en\/wp-json\/wp\/v2\/comments?post=1977"}],"version-history":[{"count":0,"href":"https:\/\/tfc-staging.nocap.studio\/en\/wp-json\/wp\/v2\/pages\/1977\/revisions"}],"wp:attachment":[{"href":"https:\/\/tfc-staging.nocap.studio\/en\/wp-json\/wp\/v2\/media?parent=1977"}],"curies":[{"name":"wp","href":"https:\/\/api.w.org\/{rel}","templated":true}]}}